{"id":4222,"date":"2023-07-13T13:13:04","date_gmt":"2023-07-13T13:13:04","guid":{"rendered":"https:\/\/singularityfamilies.com\/politicas-de-cookies\/"},"modified":"2024-08-28T12:46:15","modified_gmt":"2024-08-28T12:46:15","slug":"politicas-de-cookies","status":"publish","type":"page","link":"https:\/\/singularityfamilies.com\/pt-br\/politicas-de-cookies\/","title":{"rendered":"Pol\u00edticas de cookies"},"content":{"rendered":"\t\t<div data-elementor-type=\"wp-page\" data-elementor-id=\"4222\" class=\"elementor elementor-4222 elementor-1639\" data-elementor-post-type=\"page\">\n\t\t\t\t\t\t<section class=\"elementor-section elementor-top-section elementor-element elementor-element-8e8dc04 elementor-section-boxed elementor-section-height-default elementor-section-height-default\" data-id=\"8e8dc04\" data-element_type=\"section\">\n\t\t\t\t\t\t<div class=\"elementor-container elementor-column-gap-default\">\n\t\t\t\t\t<div class=\"elementor-column elementor-col-100 elementor-top-column elementor-element elementor-element-29e3595\" data-id=\"29e3595\" data-element_type=\"column\">\n\t\t\t<div class=\"elementor-widget-wrap elementor-element-populated\">\n\t\t\t\t\t\t<div class=\"elementor-element elementor-element-0818de2 elementor-widget elementor-widget-heading\" data-id=\"0818de2\" data-element_type=\"widget\" data-widget_type=\"heading.default\">\n\t\t\t\t<div class=\"elementor-widget-container\">\n\t\t\t\t\t<h1 class=\"elementor-heading-title elementor-size-default\">Pol\u00edticas de cookies<\/h1>\t\t\t\t<\/div>\n\t\t\t\t<\/div>\n\t\t\t\t<div class=\"elementor-element elementor-element-27c612a elementor-widget elementor-widget-html\" data-id=\"27c612a\" data-element_type=\"widget\" data-widget_type=\"html.default\">\n\t\t\t\t<div class=\"elementor-widget-container\">\n\t\t\t\t\t<script id=\"CookieDeclaration\" src=\"https:\/\/consent.cookiebot.com\/7078fa45-a033-496d-987d-36ce268a0e62\/cd.js\" data-culture=\"PT\" type=\"text\/javascript\" async><\/script>\t\t\t\t<\/div>\n\t\t\t\t<\/div>\n\t\t\t\t\t<\/div>\n\t\t<\/div>\n\t\t\t\t\t<\/div>\n\t\t<\/section>\n\t\t\t\t<\/div>\n\t\t","protected":false},"excerpt":{"rendered":"<p>Pol\u00edticas de cookies<\/p>\n","protected":false},"author":122,"featured_media":0,"parent":0,"menu_order":0,"comment_status":"closed","ping_status":"closed","template":"elementor_header_footer","meta":{"footnotes":""},"class_list":["post-4222","page","type-page","status-publish","hentry"],"yoast_head":"<!-- This site is optimized with the Yoast SEO plugin v26.2 - https:\/\/yoast.com\/wordpress\/plugins\/seo\/ -->\n<title>Pol\u00edticas de Cookies | Singularity<\/title>\n<meta name=\"description\" content=\"Encuentra aqu\u00ed las pol\u00edticas de cookies de Singularity y conoce c\u00f3mo las tratamos para mejorar la experiencia del usuario.\" \/>\n<meta name=\"robots\" content=\"index, follow, max-snippet:-1, max-image-preview:large, max-video-preview:-1\" \/>\n<link rel=\"canonical\" href=\"https:\/\/singularityfamilies.com\/pt-br\/politicas-de-cookies\/\" \/>\n<meta property=\"og:locale\" content=\"pt_BR\" \/>\n<meta property=\"og:type\" content=\"article\" \/>\n<meta property=\"og:title\" content=\"Pol\u00edticas de Cookies | Singularity\" \/>\n<meta property=\"og:description\" content=\"Encuentra aqu\u00ed las pol\u00edticas de cookies de Singularity y conoce c\u00f3mo las tratamos para mejorar la experiencia del usuario.\" \/>\n<meta property=\"og:url\" content=\"https:\/\/singularityfamilies.com\/pt-br\/politicas-de-cookies\/\" \/>\n<meta property=\"og:site_name\" content=\"Singularity\" \/>\n<meta property=\"article:modified_time\" content=\"2024-08-28T12:46:15+00:00\" \/>\n<meta name=\"twitter:card\" content=\"summary_large_image\" \/>\n<meta name=\"twitter:label1\" content=\"Est. tempo de leitura\" \/>\n\t<meta name=\"twitter:data1\" content=\"5 minutos\" \/>\n<script type=\"application\/ld+json\" class=\"yoast-schema-graph\">{\"@context\":\"https:\/\/schema.org\",\"@graph\":[{\"@type\":\"WebPage\",\"@id\":\"https:\/\/singularityfamilies.com\/pt-br\/politicas-de-cookies\/\",\"url\":\"https:\/\/singularityfamilies.com\/pt-br\/politicas-de-cookies\/\",\"name\":\"Pol\u00edticas de Cookies | Singularity\",\"isPartOf\":{\"@id\":\"https:\/\/singularityfamilies.com\/#website\"},\"datePublished\":\"2023-07-13T13:13:04+00:00\",\"dateModified\":\"2024-08-28T12:46:15+00:00\",\"description\":\"Encuentra aqu\u00ed las pol\u00edticas de cookies de Singularity y conoce c\u00f3mo las tratamos para mejorar la experiencia del usuario.\",\"breadcrumb\":{\"@id\":\"https:\/\/singularityfamilies.com\/pt-br\/politicas-de-cookies\/#breadcrumb\"},\"inLanguage\":\"pt-BR\",\"potentialAction\":[{\"@type\":\"ReadAction\",\"target\":[\"https:\/\/singularityfamilies.com\/pt-br\/politicas-de-cookies\/\"]}]},{\"@type\":\"BreadcrumbList\",\"@id\":\"https:\/\/singularityfamilies.com\/pt-br\/politicas-de-cookies\/#breadcrumb\",\"itemListElement\":[{\"@type\":\"ListItem\",\"position\":1,\"name\":\"Home\",\"item\":\"https:\/\/singularityfamilies.com\/pt-br\/\"},{\"@type\":\"ListItem\",\"position\":2,\"name\":\"Pol\u00edticas de cookies\"}]},{\"@type\":\"WebSite\",\"@id\":\"https:\/\/singularityfamilies.com\/#website\",\"url\":\"https:\/\/singularityfamilies.com\/\",\"name\":\"Singularity\",\"description\":\"\",\"publisher\":{\"@id\":\"https:\/\/singularityfamilies.com\/#organization\"},\"potentialAction\":[{\"@type\":\"SearchAction\",\"target\":{\"@type\":\"EntryPoint\",\"urlTemplate\":\"https:\/\/singularityfamilies.com\/?s={search_term_string}\"},\"query-input\":{\"@type\":\"PropertyValueSpecification\",\"valueRequired\":true,\"valueName\":\"search_term_string\"}}],\"inLanguage\":\"pt-BR\"},{\"@type\":\"Organization\",\"@id\":\"https:\/\/singularityfamilies.com\/#organization\",\"name\":\"Singularity\",\"url\":\"https:\/\/singularityfamilies.com\/\",\"logo\":{\"@type\":\"ImageObject\",\"inLanguage\":\"pt-BR\",\"@id\":\"https:\/\/singularityfamilies.com\/#\/schema\/logo\/image\/\",\"url\":\"https:\/\/singularityfamilies.com\/wp-content\/uploads\/2022\/12\/singularity-logo-transparent.png\",\"contentUrl\":\"https:\/\/singularityfamilies.com\/wp-content\/uploads\/2022\/12\/singularity-logo-transparent.png\",\"width\":196,\"height\":25,\"caption\":\"Singularity\"},\"image\":{\"@id\":\"https:\/\/singularityfamilies.com\/#\/schema\/logo\/image\/\"}}]}<\/script>\n<!-- \/ Yoast SEO plugin. -->","yoast_head_json":{"title":"Pol\u00edticas de Cookies | Singularity","description":"Encuentra aqu\u00ed las pol\u00edticas de cookies de Singularity y conoce c\u00f3mo las tratamos para mejorar la experiencia del usuario.","robots":{"index":"index","follow":"follow","max-snippet":"max-snippet:-1","max-image-preview":"max-image-preview:large","max-video-preview":"max-video-preview:-1"},"canonical":"https:\/\/singularityfamilies.com\/pt-br\/politicas-de-cookies\/","og_locale":"pt_BR","og_type":"article","og_title":"Pol\u00edticas de Cookies | Singularity","og_description":"Encuentra aqu\u00ed las pol\u00edticas de cookies de Singularity y conoce c\u00f3mo las tratamos para mejorar la experiencia del usuario.","og_url":"https:\/\/singularityfamilies.com\/pt-br\/politicas-de-cookies\/","og_site_name":"Singularity","article_modified_time":"2024-08-28T12:46:15+00:00","twitter_card":"summary_large_image","twitter_misc":{"Est. tempo de leitura":"5 minutos"},"schema":{"@context":"https:\/\/schema.org","@graph":[{"@type":"WebPage","@id":"https:\/\/singularityfamilies.com\/pt-br\/politicas-de-cookies\/","url":"https:\/\/singularityfamilies.com\/pt-br\/politicas-de-cookies\/","name":"Pol\u00edticas de Cookies | Singularity","isPartOf":{"@id":"https:\/\/singularityfamilies.com\/#website"},"datePublished":"2023-07-13T13:13:04+00:00","dateModified":"2024-08-28T12:46:15+00:00","description":"Encuentra aqu\u00ed las pol\u00edticas de cookies de Singularity y conoce c\u00f3mo las tratamos para mejorar la experiencia del usuario.","breadcrumb":{"@id":"https:\/\/singularityfamilies.com\/pt-br\/politicas-de-cookies\/#breadcrumb"},"inLanguage":"pt-BR","potentialAction":[{"@type":"ReadAction","target":["https:\/\/singularityfamilies.com\/pt-br\/politicas-de-cookies\/"]}]},{"@type":"BreadcrumbList","@id":"https:\/\/singularityfamilies.com\/pt-br\/politicas-de-cookies\/#breadcrumb","itemListElement":[{"@type":"ListItem","position":1,"name":"Home","item":"https:\/\/singularityfamilies.com\/pt-br\/"},{"@type":"ListItem","position":2,"name":"Pol\u00edticas de cookies"}]},{"@type":"WebSite","@id":"https:\/\/singularityfamilies.com\/#website","url":"https:\/\/singularityfamilies.com\/","name":"Singularity","description":"","publisher":{"@id":"https:\/\/singularityfamilies.com\/#organization"},"potentialAction":[{"@type":"SearchAction","target":{"@type":"EntryPoint","urlTemplate":"https:\/\/singularityfamilies.com\/?s={search_term_string}"},"query-input":{"@type":"PropertyValueSpecification","valueRequired":true,"valueName":"search_term_string"}}],"inLanguage":"pt-BR"},{"@type":"Organization","@id":"https:\/\/singularityfamilies.com\/#organization","name":"Singularity","url":"https:\/\/singularityfamilies.com\/","logo":{"@type":"ImageObject","inLanguage":"pt-BR","@id":"https:\/\/singularityfamilies.com\/#\/schema\/logo\/image\/","url":"https:\/\/singularityfamilies.com\/wp-content\/uploads\/2022\/12\/singularity-logo-transparent.png","contentUrl":"https:\/\/singularityfamilies.com\/wp-content\/uploads\/2022\/12\/singularity-logo-transparent.png","width":196,"height":25,"caption":"Singularity"},"image":{"@id":"https:\/\/singularityfamilies.com\/#\/schema\/logo\/image\/"}}]}},"_links":{"self":[{"href":"https:\/\/singularityfamilies.com\/pt-br\/wp-json\/wp\/v2\/pages\/4222","targetHints":{"allow":["GET"]}}],"collection":[{"href":"https:\/\/singularityfamilies.com\/pt-br\/wp-json\/wp\/v2\/pages"}],"about":[{"href":"https:\/\/singularityfamilies.com\/pt-br\/wp-json\/wp\/v2\/types\/page"}],"author":[{"embeddable":true,"href":"https:\/\/singularityfamilies.com\/pt-br\/wp-json\/wp\/v2\/users\/122"}],"replies":[{"embeddable":true,"href":"https:\/\/singularityfamilies.com\/pt-br\/wp-json\/wp\/v2\/comments?post=4222"}],"version-history":[{"count":3,"href":"https:\/\/singularityfamilies.com\/pt-br\/wp-json\/wp\/v2\/pages\/4222\/revisions"}],"predecessor-version":[{"id":4228,"href":"https:\/\/singularityfamilies.com\/pt-br\/wp-json\/wp\/v2\/pages\/4222\/revisions\/4228"}],"wp:attachment":[{"href":"https:\/\/singularityfamilies.com\/pt-br\/wp-json\/wp\/v2\/media?parent=4222"}],"curies":[{"name":"wp","href":"https:\/\/api.w.org\/{rel}","templated":true}]}}